{"id":4780,"date":"2023-11-18T19:22:59","date_gmt":"2023-11-19T00:22:59","guid":{"rendered":"https:\/\/aclc-cacc.org\/fr\/?page_id=4780"},"modified":"2023-11-24T19:20:07","modified_gmt":"2023-11-25T00:20:07","slug":"vie-privee","status":"publish","type":"page","link":"https:\/\/aclc-cacc.org\/fr\/vie-privee\/","title":{"rendered":"Vie priv\u00e9e"},"content":{"rendered":"\t\t<div data-elementor-type=\"wp-page\" data-elementor-id=\"4780\" class=\"elementor elementor-4780\">\n\t\t\t\t\t\t\t\t\t<section class=\"elementor-section elementor-top-section elementor-element elementor-element-fbd8b85 elementor-section-boxed elementor-section-height-default elementor-section-height-default\" data-id=\"fbd8b85\" data-element_type=\"section\" data-settings=\"{&quot;background_background&quot;:&quot;classic&quot;}\">\n\t\t\t\t\t\t<div class=\"elementor-container elementor-column-gap-no\">\n\t\t\t\t\t<div class=\"elementor-column elementor-col-100 elementor-top-column elementor-element elementor-element-12023fb\" data-id=\"12023fb\" data-element_type=\"column\">\n\t\t\t<div class=\"elementor-widget-wrap elementor-element-populated\">\n\t\t\t\t\t\t\t\t<section class=\"elementor-section elementor-inner-section elementor-element elementor-element-5ac675f elementor-section-boxed elementor-section-height-default elementor-section-height-default\" data-id=\"5ac675f\" data-element_type=\"section\">\n\t\t\t\t\t\t<div class=\"elementor-container elementor-column-gap-no\">\n\t\t\t\t\t<div class=\"elementor-column elementor-col-100 elementor-inner-column elementor-element elementor-element-1378fb8\" data-id=\"1378fb8\" data-element_type=\"column\">\n\t\t\t<div class=\"elementor-widget-wrap elementor-element-populated\">\n\t\t\t\t\t\t\t\t<div class=\"elementor-element elementor-element-48ad814 elementor-widget elementor-widget-heading\" data-id=\"48ad814\" data-element_type=\"widget\" data-widget_type=\"heading.default\">\n\t\t\t\t<div class=\"elementor-widget-container\">\n\t\t\t<style>\/*! elementor - v3.18.0 - 20-12-2023 *\/\n.elementor-heading-title{padding:0;margin:0;line-height:1}.elementor-widget-heading .elementor-heading-title[class*=elementor-size-]>a{color:inherit;font-size:inherit;line-height:inherit}.elementor-widget-heading .elementor-heading-title.elementor-size-small{font-size:15px}.elementor-widget-heading .elementor-heading-title.elementor-size-medium{font-size:19px}.elementor-widget-heading .elementor-heading-title.elementor-size-large{font-size:29px}.elementor-widget-heading .elementor-heading-title.elementor-size-xl{font-size:39px}.elementor-widget-heading .elementor-heading-title.elementor-size-xxl{font-size:59px}<\/style><h6 class=\"elementor-heading-title elementor-size-default\">Vie Priv\u00e9e<\/h6>\t\t<\/div>\n\t\t\t\t<\/div>\n\t\t\t\t<div class=\"elementor-element elementor-element-1ad68a8 elementor-widget elementor-widget-heading\" data-id=\"1ad68a8\" data-element_type=\"widget\" data-widget_type=\"heading.default\">\n\t\t\t\t<div class=\"elementor-widget-container\">\n\t\t\t<h1 class=\"elementor-heading-title elementor-size-default\">Lire notre Politique<br>sur la vie priv\u00e9e<\/h1>\t\t<\/div>\n\t\t\t\t<\/div>\n\t\t\t\t<div class=\"elementor-element elementor-element-0efbdb7 elementor-widget elementor-widget-text-editor\" data-id=\"0efbdb7\" data-element_type=\"widget\" data-widget_type=\"text-editor.default\">\n\t\t\t\t<div class=\"elementor-widget-container\">\n\t\t\t<style>\/*! elementor - v3.18.0 - 20-12-2023 *\/\n.elementor-widget-text-editor.elementor-drop-cap-view-stacked .elementor-drop-cap{background-color:#69727d;color:#fff}.elementor-widget-text-editor.elementor-drop-cap-view-framed .elementor-drop-cap{color:#69727d;border:3px solid;background-color:transparent}.elementor-widget-text-editor:not(.elementor-drop-cap-view-default) .elementor-drop-cap{margin-top:8px}.elementor-widget-text-editor:not(.elementor-drop-cap-view-default) .elementor-drop-cap-letter{width:1em;height:1em}.elementor-widget-text-editor .elementor-drop-cap{float:left;text-align:center;line-height:1;font-size:50px}.elementor-widget-text-editor .elementor-drop-cap-letter{display:inline-block}<\/style>\t\t\t\t<p>La pr\u00e9sente politique de confidentialit\u00e9 d\u00e9crit la mani\u00e8re dont nous collectons, utilisons et prot\u00e9geons les informations que vous nous fournissez lorsque vous utilisez notre site web ou interagissez avec nos services. En acc\u00e9dant \u00e0 notre site et en utilisant nos services, vous consentez \u00e0 la collecte et \u00e0 l&rsquo;utilisation des informations conform\u00e9ment \u00e0 la pr\u00e9sente politique.<\/p><p><strong>Collecte d&rsquo;informations personnelles<\/strong> : Nous pouvons collecter des informations personnelles vous concernant, telles que votre nom, votre adresse \u00e9lectronique et d&rsquo;autres donn\u00e9es personnelles que vous choisissez de fournir.<\/p><p><strong>Utilisation des informations<\/strong> : Les informations personnelles que nous recueillons sont utilis\u00e9es pour fournir et am\u00e9liorer nos services. Nous ne partagerons pas vos informations personnelles avec des tiers, sauf dans les cas d\u00e9crits dans la pr\u00e9sente politique de confidentialit\u00e9 ou avec votre consentement.<\/p><p><strong>S\u00e9curit\u00e9 des informations<\/strong> : Nous nous engageons \u00e0 prot\u00e9ger la s\u00e9curit\u00e9 de vos informations personnelles. Nous mettons en \u0153uvre des mesures de s\u00e9curit\u00e9 pour emp\u00eacher l&rsquo;acc\u00e8s non autoris\u00e9, l&rsquo;alt\u00e9ration, la divulgation ou la destruction de vos informations personnelles.<\/p><p><strong>Cookies<\/strong> : Notre site peut utiliser des cookies pour am\u00e9liorer votre exp\u00e9rience. Vous avez la possibilit\u00e9 de configurer votre navigateur pour qu&rsquo;il rejette tous les cookies ou pour qu&rsquo;il vous indique quand un cookie est envoy\u00e9.<\/p><p><strong>Modifications de la politique de confidentialit\u00e9<\/strong> : Nous nous r\u00e9servons le droit de mettre \u00e0 jour ou de modifier la pr\u00e9sente politique de confidentialit\u00e9 \u00e0 tout moment. Toute modification entrera en vigueur d\u00e8s sa publication sur cette page.<\/p><p>Si vous avez des questions ou des pr\u00e9occupations concernant notre politique de confidentialit\u00e9, veuillez nous contacter \u00e0 cyberseccameroon[at]gmail dot com.<\/p><p><em>Derni\u00e8re mise \u00e0 jour : 18\/11\/2023<\/em><\/p><p>.<\/p>\t\t\t\t\t\t<\/div>\n\t\t\t\t<\/div>\n\t\t\t\t\t<\/div>\n\t\t<\/div>\n\t\t\t\t\t\t\t<\/div>\n\t\t<\/section>\n\t\t\t\t\t<\/div>\n\t\t<\/div>\n\t\t\t\t\t\t\t<\/div>\n\t\t<\/section>\n\t\t\t\t<section class=\"elementor-section elementor-top-section elementor-element elementor-element-ca69126 elementor-section-boxed elementor-section-height-default elementor-section-height-default\" data-id=\"ca69126\" data-element_type=\"section\" data-settings=\"{&quot;background_background&quot;:&quot;classic&quot;}\">\n\t\t\t\t\t\t<div class=\"elementor-container elementor-column-gap-no\">\n\t\t\t\t\t<div class=\"elementor-column elementor-col-100 elementor-top-column elementor-element elementor-element-259104f\" data-id=\"259104f\" data-element_type=\"column\">\n\t\t\t<div class=\"elementor-widget-wrap elementor-element-populated\">\n\t\t\t\t\t\t\t\t<div class=\"elementor-element elementor-element-e5337c1 elementor-widget elementor-widget-heading\" data-id=\"e5337c1\" data-element_type=\"widget\" data-widget_type=\"heading.default\">\n\t\t\t\t<div class=\"elementor-widget-container\">\n\t\t\t<h1 class=\"elementor-heading-title elementor-size-default\">Bien plus qu'une Acad\u00e9mie<\/h1>\t\t<\/div>\n\t\t\t\t<\/div>\n\t\t\t\t<div class=\"elementor-element elementor-element-60f6ad4 elementor-widget elementor-widget-heading\" data-id=\"60f6ad4\" data-element_type=\"widget\" data-widget_type=\"heading.default\">\n\t\t\t\t<div class=\"elementor-widget-container\">\n\t\t\t<p class=\"elementor-heading-title elementor-size-default\">La s\u00e9curit\u00e9 en ligne, l'\u00e9ducation et la collaboration renforcent notre mission pour prot\u00e9ger le Cyberespace.<\/p>\t\t<\/div>\n\t\t\t\t<\/div>\n\t\t\t\t<div class=\"elementor-element elementor-element-2493854 elementor-align-center elementor-widget elementor-widget-button\" data-id=\"2493854\" data-element_type=\"widget\" data-widget_type=\"button.default\">\n\t\t\t\t<div class=\"elementor-widget-container\">\n\t\t\t\t\t<div class=\"elementor-button-wrapper\">\n\t\t\t<a class=\"elementor-button elementor-button-link elementor-size-sm\" href=\"#\">\n\t\t\t\t\t\t<span class=\"elementor-button-content-wrapper\">\n\t\t\t\t\t\t<span class=\"elementor-button-text\">S'inscrire<\/span>\n\t\t<\/span>\n\t\t\t\t\t<\/a>\n\t\t<\/div>\n\t\t\t\t<\/div>\n\t\t\t\t<\/div>\n\t\t\t\t\t<\/div>\n\t\t<\/div>\n\t\t\t\t\t\t\t<\/div>\n\t\t<\/section>\n\t\t\t\t\t\t\t<\/div>\n\t\t","protected":false},"excerpt":{"rendered":"<p>Vie Priv\u00e9e Lire notre Politiquesur la vie priv\u00e9e La pr\u00e9sente politique de confidentialit\u00e9 d\u00e9crit la mani\u00e8re dont nous collectons, utilisons et prot\u00e9geons les informations que vous nous fournissez lorsque vous utilisez notre site web ou interagissez avec nos services. En acc\u00e9dant \u00e0 notre site et en utilisant nos services, vous consentez \u00e0 la collecte et &hellip;<\/p>\n<p class=\"read-more\"> <a class=\"\" href=\"https:\/\/aclc-cacc.org\/fr\/vie-privee\/\"> <span class=\"screen-reader-text\">Vie priv\u00e9e<\/span> Lire la suite\u00a0\u00bb<\/a><\/p>\n","protected":false},"author":1,"featured_media":0,"parent":0,"menu_order":0,"comment_status":"closed","ping_status":"closed","template":"","meta":{"om_disable_all_campaigns":false,"_monsterinsights_skip_tracking":false,"_monsterinsights_sitenote_active":false,"_monsterinsights_sitenote_note":"","_monsterinsights_sitenote_category":0,"site-sidebar-layout":"no-sidebar","site-content-layout":"page-builder","ast-site-content-layout":"full-width-container","site-content-style":"unboxed","site-sidebar-style":"unboxed","ast-global-header-display":"","ast-banner-title-visibility":"","ast-main-header-display":"","ast-hfb-above-header-display":"","ast-hfb-below-header-display":"","ast-hfb-mobile-header-display":"","site-post-title":"disabled","ast-breadcrumbs-content":"","ast-featured-img":"disabled","footer-sml-layout":"","theme-transparent-header-meta":"enabled","adv-header-id-meta":"","stick-header-meta":"","header-above-stick-meta":"","header-main-stick-meta":"","header-below-stick-meta":"","astra-migrate-meta-layouts":"set","ast-page-background-enabled":"default","ast-page-background-meta":{"desktop":{"background-color":"var(--ast-global-color-4)","background-image":"","background-repeat":"repeat","background-position":"center center","background-size":"auto","background-attachment":"scroll","background-type":"","background-media":"","overlay-type":"","overlay-color":"","overlay-gradient":""},"tablet":{"background-color":"","background-image":"","background-repeat":"repeat","background-position":"center center","background-size":"auto","background-attachment":"scroll","background-type":"","background-media":"","overlay-type":"","overlay-color":"","overlay-gradient":""},"mobile":{"background-color":"","background-image":"","background-repeat":"repeat","background-position":"center center","background-size":"auto","background-attachment":"scroll","background-type":"","background-media":"","overlay-type":"","overlay-color":"","overlay-gradient":""}},"ast-content-background-meta":{"desktop":{"background-color":"var(--ast-global-color-5)","background-image":"","background-repeat":"repeat","background-position":"center center","background-size":"auto","background-attachment":"scroll","background-type":"","background-media":"","overlay-type":"","overlay-color":"","overlay-gradient":""},"tablet":{"background-color":"var(--ast-global-color-5)","background-image":"","background-repeat":"repeat","background-position":"center center","background-size":"auto","background-attachment":"scroll","background-type":"","background-media":"","overlay-type":"","overlay-color":"","overlay-gradient":""},"mobile":{"background-color":"var(--ast-global-color-5)","background-image":"","background-repeat":"repeat","background-position":"center center","background-size":"auto","background-attachment":"scroll","background-type":"","background-media":"","overlay-type":"","overlay-color":"","overlay-gradient":""}},"footnotes":""},"class_list":["post-4780","page","type-page","status-publish","hentry"],"aioseo_notices":[],"_links":{"self":[{"href":"https:\/\/aclc-cacc.org\/fr\/wp-json\/wp\/v2\/pages\/4780","targetHints":{"allow":["GET"]}}],"collection":[{"href":"https:\/\/aclc-cacc.org\/fr\/wp-json\/wp\/v2\/pages"}],"about":[{"href":"https:\/\/aclc-cacc.org\/fr\/wp-json\/wp\/v2\/types\/page"}],"author":[{"embeddable":true,"href":"https:\/\/aclc-cacc.org\/fr\/wp-json\/wp\/v2\/users\/1"}],"replies":[{"embeddable":true,"href":"https:\/\/aclc-cacc.org\/fr\/wp-json\/wp\/v2\/comments?post=4780"}],"version-history":[{"count":14,"href":"https:\/\/aclc-cacc.org\/fr\/wp-json\/wp\/v2\/pages\/4780\/revisions"}],"predecessor-version":[{"id":5074,"href":"https:\/\/aclc-cacc.org\/fr\/wp-json\/wp\/v2\/pages\/4780\/revisions\/5074"}],"wp:attachment":[{"href":"https:\/\/aclc-cacc.org\/fr\/wp-json\/wp\/v2\/media?parent=4780"}],"curies":[{"name":"wp","href":"https:\/\/api.w.org\/{rel}","templated":true}]}}